{"id":2321,"date":"2025-07-10T20:35:36","date_gmt":"2025-07-10T20:35:36","guid":{"rendered":"https:\/\/ekipateshop.cl\/?post_type=product&#038;p=2321"},"modified":"2025-07-10T20:35:36","modified_gmt":"2025-07-10T20:35:36","slug":"dispensador-bomba-electrica-para-bidon-de-agua","status":"publish","type":"product","link":"https:\/\/ekipateshop.cl\/?product=dispensador-bomba-electrica-para-bidon-de-agua","title":{"rendered":"Dispensador bomba el\u00e9ctrica para bid\u00f3n de agua"},"content":{"rendered":"","protected":false},"excerpt":{"rendered":"<p>Ekipate Shop es tu tienda online para equipar tu negocio con lo mejor en maniqu\u00edes, percheros y colgadores para retail.<br \/>\nContamos con variedad de modelos de torso maniqu\u00ed, percheros met\u00e1licos y accesorios para exhibici\u00f3n, ideales para tiendas de ropa, ferias y emprendedores.<\/p>\n<p>\ud83d\ude9a Enviamos a todo Chile.<br \/>\n\ud83d\udcb3 Puedes pagar con WebPay, transferencia o hacer tu pedido directamente por <a href=\"https:\/\/wa.me\/56999995977?text=Hola%20vi%20su%20p\u00e1gina%20Ekipate%20Shop%20y%20quisiera%20m\u00e1s%20informaci\u00f3n\" target=\"_blank\" rel=\"noopener\">WhatsApp<\/a>.<br \/>\n\ud83d\udcf8 Revisa nuestro cat\u00e1logo y promociones en Instagram <a href=\"https:\/\/instagram.com\/ekipateshop\" target=\"_blank\" rel=\"noopener\">@ekipateshop<\/a>.<\/p>\n<p>Clientes desde Estaci\u00f3n Central, Meiggs y todo Chile conf\u00edan en nosotros por calidad, buen precio y despacho r\u00e1pido.<\/p>\n","protected":false},"featured_media":2323,"template":"","meta":[],"etheme_brands":[],"product_brand":[],"product_cat":[50],"product_tag":[],"class_list":{"0":"post-2321","1":"product","2":"type-product","3":"status-publish","4":"has-post-thumbnail","6":"product_cat-lo-que-necesitas","8":"first","9":"instock","10":"shipping-taxable","11":"purchasable","12":"product-type-simple"},"jetpack_sharing_enabled":true,"_links":{"self":[{"href":"https:\/\/ekipateshop.cl\/index.php?rest_route=\/wp\/v2\/product\/2321","targetHints":{"allow":["GET"]}}],"collection":[{"href":"https:\/\/ekipateshop.cl\/index.php?rest_route=\/wp\/v2\/product"}],"about":[{"href":"https:\/\/ekipateshop.cl\/index.php?rest_route=\/wp\/v2\/types\/product"}],"version-history":[{"count":1,"href":"https:\/\/ekipateshop.cl\/index.php?rest_route=\/wp\/v2\/product\/2321\/revisions"}],"predecessor-version":[{"id":2325,"href":"https:\/\/ekipateshop.cl\/index.php?rest_route=\/wp\/v2\/product\/2321\/revisions\/2325"}],"wp:featuredmedia":[{"embeddable":true,"href":"https:\/\/ekipateshop.cl\/index.php?rest_route=\/wp\/v2\/media\/2323"}],"wp:attachment":[{"href":"https:\/\/ekipateshop.cl\/index.php?rest_route=%2Fwp%2Fv2%2Fmedia&parent=2321"}],"wp:term":[{"taxonomy":"brand","embeddable":true,"href":"https:\/\/ekipateshop.cl\/index.php?rest_route=%2Fwp%2Fv2%2Fetheme_brands&post=2321"},{"taxonomy":"product_brand","embeddable":true,"href":"https:\/\/ekipateshop.cl\/index.php?rest_route=%2Fwp%2Fv2%2Fproduct_brand&post=2321"},{"taxonomy":"product_cat","embeddable":true,"href":"https:\/\/ekipateshop.cl\/index.php?rest_route=%2Fwp%2Fv2%2Fproduct_cat&post=2321"},{"taxonomy":"product_tag","embeddable":true,"href":"https:\/\/ekipateshop.cl\/index.php?rest_route=%2Fwp%2Fv2%2Fproduct_tag&post=2321"}],"curies":[{"name":"wp","href":"https:\/\/api.w.org\/{rel}","templated":true}]}}